{"id":13,"date":"2020-05-01T01:03:06","date_gmt":"2020-04-30T23:03:06","guid":{"rendered":"http:\/\/esalviac.fr\/?page_id=13"},"modified":"2022-09-30T16:45:42","modified_gmt":"2022-09-30T14:45:42","slug":"a-propos-de","status":"publish","type":"page","link":"https:\/\/esalviac.fr\/index.php\/a-propos-de\/","title":{"rendered":"\u00c0 propos"},"content":{"rendered":"\t\t<div data-elementor-type=\"wp-page\" data-elementor-id=\"13\" class=\"elementor elementor-13\">\n\t\t\t\t\t\t<div class=\"elementor-inner\">\n\t\t\t\t<div class=\"elementor-section-wrap\">\n\t\t\t\t\t\t\t\t\t<section class=\"elementor-section elementor-top-section elementor-element elementor-element-f0820c8 elementor-section-boxed elementor-section-height-default elementor-section-height-default\" data-id=\"f0820c8\" data-element_type=\"section\">\n\t\t\t\t\t\t<div class=\"elementor-container elementor-column-gap-default\">\n\t\t\t\t\t\t\t<div class=\"elementor-row\">\n\t\t\t\t\t<div class=\"elementor-column elementor-col-100 elementor-top-column elementor-element elementor-element-4b126cc\" data-id=\"4b126cc\" data-element_type=\"column\">\n\t\t\t<div class=\"elementor-column-wrap elementor-element-populated\">\n\t\t\t\t\t\t\t<div class=\"elementor-widget-wrap\">\n\t\t\t\t\t\t<div class=\"elementor-element elementor-element-1383767 elementor-invisible elementor-widget elementor-widget-visual-portfolio\" data-id=\"1383767\" data-element_type=\"widget\" data-settings=\"{&quot;_animation&quot;:&quot;zoomIn&quot;}\" data-widget_type=\"visual-portfolio.default\">\n\t\t\t\t<div class=\"elementor-widget-container\">\n\t\t\t        <div\n                    >\n                            \n<div class=\"vp-portfolio vp-uid-fa5bbcbb vp-id-1024 \"\n    data-vp-layout=\"tiles\" data-vp-content-source=\"images\" data-vp-items-style=\"default\" data-vp-items-click-action=\"popup_gallery\" data-vp-items-gap=\"15\" data-vp-items-gap-vertical=\"\" data-vp-pagination=\"load-more\" data-vp-next-page-url=\"\" data-vp-tiles-type=\"3|1,1|\" >\n    <div class=\"vp-portfolio__preloader-wrap\">\n        <div class=\"vp-portfolio__preloader\">\n            <img decoding=\"async\" loading=\"eager\" src=\"https:\/\/esalviac.fr\/wp-content\/plugins\/visual-portfolio\/assets\/images\/logo-dark.svg\" alt=\"Visual Portfolio, Posts &amp; Image Gallery for WordPress\" width=\"20\" height=\"20\" data-skip-lazy>\n        <\/div>\n    <\/div>\n        <div class=\"vp-portfolio__items-wrap\">\n            \n<div class=\"vp-portfolio__items vp-portfolio__items-style-default vp-portfolio__items-show-overlay-hover\">\n\n        <div        class=\"vp-portfolio__item-wrap vp-portfolio__item-uid-d440953e\" data-vp-filter=\"\"         >\n            \n<div class=\"vp-portfolio__item-popup\" data-vp-popup-img=\"https:\/\/esalviac.fr\/wp-content\/uploads\/2020\/07\/moi2-1920x1080.jpg\" data-vp-popup-img-srcset=\"https:\/\/esalviac.fr\/wp-content\/uploads\/2020\/07\/moi2-1920x1080.jpg 1920w, https:\/\/esalviac.fr\/wp-content\/uploads\/2020\/07\/moi2-500x281.jpg 500w, https:\/\/esalviac.fr\/wp-content\/uploads\/2020\/07\/moi2-800x450.jpg 800w, https:\/\/esalviac.fr\/wp-content\/uploads\/2020\/07\/moi2-1280x720.jpg 1280w, https:\/\/esalviac.fr\/wp-content\/uploads\/2020\/07\/moi2-1536x864.jpg 1536w, https:\/\/esalviac.fr\/wp-content\/uploads\/2020\/07\/moi2-2048x1152.jpg 2048w, https:\/\/esalviac.fr\/wp-content\/uploads\/2020\/07\/moi2-scaled-107x60.jpg 107w, https:\/\/esalviac.fr\/wp-content\/uploads\/2020\/07\/moi2-300x169.jpg 300w, https:\/\/esalviac.fr\/wp-content\/uploads\/2020\/07\/moi2-768x432.jpg 768w, https:\/\/esalviac.fr\/wp-content\/uploads\/2020\/07\/moi2-1024x576.jpg 1024w\" data-vp-popup-img-size=\"1920x1080\" data-vp-popup-md-img=\"https:\/\/esalviac.fr\/wp-content\/uploads\/2020\/07\/moi2-800x450.jpg\" data-vp-popup-md-img-size=\"800x450\" data-vp-popup-sm-img=\"https:\/\/esalviac.fr\/wp-content\/uploads\/2020\/07\/moi2-500x281.jpg\" data-vp-popup-sm-img-size=\"500x281\">\n    <\/div>\n                        <figure class=\"vp-portfolio__item\">\n                \n<div class=\"vp-portfolio__item-img-wrap\">\n    <div class=\"vp-portfolio__item-img\">\n            <a\n        href=\"https:\/\/esalviac.fr\/wp-content\/uploads\/2020\/07\/moi2-1920x1080.jpg\"\n            >\n    \n        <img loading=\"lazy\" decoding=\"async\" width=\"1920\" height=\"1080\" src=\"https:\/\/esalviac.fr\/wp-content\/uploads\/2020\/07\/moi2-1920x1080.jpg\" class=\"wp-image-976\" alt=\"\" srcset=\"https:\/\/esalviac.fr\/wp-content\/uploads\/2020\/07\/moi2-1920x1080.jpg 1920w, https:\/\/esalviac.fr\/wp-content\/uploads\/2020\/07\/moi2-500x281.jpg 500w, https:\/\/esalviac.fr\/wp-content\/uploads\/2020\/07\/moi2-800x450.jpg 800w, https:\/\/esalviac.fr\/wp-content\/uploads\/2020\/07\/moi2-1280x720.jpg 1280w, https:\/\/esalviac.fr\/wp-content\/uploads\/2020\/07\/moi2-1536x864.jpg 1536w, https:\/\/esalviac.fr\/wp-content\/uploads\/2020\/07\/moi2-2048x1152.jpg 2048w, https:\/\/esalviac.fr\/wp-content\/uploads\/2020\/07\/moi2-scaled-107x60.jpg 107w, https:\/\/esalviac.fr\/wp-content\/uploads\/2020\/07\/moi2-300x169.jpg 300w, https:\/\/esalviac.fr\/wp-content\/uploads\/2020\/07\/moi2-768x432.jpg 768w, https:\/\/esalviac.fr\/wp-content\/uploads\/2020\/07\/moi2-1024x576.jpg 1024w\" sizes=\"auto, (max-width: 1920px) 100vw, 1920px\" \/>\n        <div class=\"vp-portfolio__item-img-overlay\">\n                    <\/div>\n\n        <\/a>    <\/div>\n<\/div>\n\n<figcaption class=\"vp-portfolio__item-overlay vp-portfolio__item-align-center\">\n    <\/figcaption>\n            <\/figure>\n                    <\/div>\n        \n<\/div>\n        <\/div>\n        \n<\/div>\n                    <\/div>\n        \t\t<\/div>\n\t\t\t\t<\/div>\n\t\t\t\t\t\t<\/div>\n\t\t\t\t\t<\/div>\n\t\t<\/div>\n\t\t\t\t\t\t\t\t<\/div>\n\t\t\t\t\t<\/div>\n\t\t<\/section>\n\t\t\t\t<section class=\"elementor-section elementor-top-section elementor-element elementor-element-1cca6923 elementor-section-boxed elementor-section-height-default elementor-section-height-default\" data-id=\"1cca6923\" data-element_type=\"section\">\n\t\t\t\t\t\t<div class=\"elementor-container elementor-column-gap-default\">\n\t\t\t\t\t\t\t<div class=\"elementor-row\">\n\t\t\t\t\t<div class=\"elementor-column elementor-col-100 elementor-top-column elementor-element elementor-element-2215cc65\" data-id=\"2215cc65\" data-element_type=\"column\">\n\t\t\t<div class=\"elementor-column-wrap elementor-element-populated\">\n\t\t\t\t\t\t\t<div class=\"elementor-widget-wrap\">\n\t\t\t\t\t\t<div class=\"elementor-element elementor-element-5324db77 elementor-widget elementor-widget-text-editor\" data-id=\"5324db77\" data-element_type=\"widget\" data-widget_type=\"text-editor.default\">\n\t\t\t\t<div class=\"elementor-widget-container\">\n\t\t\t\t\t\t\t\t<div class=\"elementor-text-editor elementor-clearfix\">\n\t\t\t\t<p><!-- wp:paragraph --><\/p>\n<h4>Quelques mots sur moi&#8230;<\/h4>\n<div>\n<p>Passionn\u00e9 par les nouvelles technologies depuis mon enfance, je me suis tr\u00e8s vite int\u00e9ress\u00e9 \u00e0 l&rsquo;informatique puis \u00e0 l&rsquo;a\u00e9ronautique d\u00e8s l&rsquo;age de 13 ans.&nbsp;<\/p>\n<p>Alors que je partais voler \u00e0 la pente avec mon p\u00e8re d<span style=\"color: var(--font-color); font-family: var(--primary-font);\">\u00e8s mon plus jeune age<\/span><span style=\"color: var(--font-color); font-family: var(--primary-font);\">, j&rsquo;ai rapidement pris le virus de l&rsquo;a\u00e9romod\u00e9lisme et du vol de pente en planeur. La construction de maquettes volantes est pour moi plus qu&rsquo;un passe temps, elle permet de me challenger sur la construction traditionnelle qui demande \u00e0 travailler le bois en \u00e9tant tr\u00e8s minutieux, mais aussi d&rsquo;apprendre des techniques de construction plus r\u00e9centes. Si on devait le comparer \u00e0 l&rsquo;informatique, le mod\u00e9lisme est un d<\/span><span style=\"color: var(--font-color); font-family: var(--primary-font);\">omaine o\u00f9 la technologie est omnipr\u00e9sente et ne cesse de progresser, d&rsquo;o\u00f9 mon envie de toujours vouloir me former aux derni\u00e8res innovations technologiques tant sur le plan personnel que professionnel.<\/span><\/p>\n<p>Ce go\u00fbt pour les technologies m&rsquo;a pouss\u00e9 vers un cursus universitaire orient\u00e9 dans les r\u00e9seaux et les t\u00e9l\u00e9coms&nbsp;<span style=\"color: var(--font-color); font-family: var(--primary-font);\">(DUT + Licence Pro)<\/span><span style=\"color: var(--font-color); font-family: var(--primary-font);\">, pour ensuite obtenir mon master \u00ab\u00a0R\u00e9seaux Informatiques d&rsquo;Entreprise\u00a0\u00bb (RIE)&nbsp; \u00e0 l&rsquo;Institut National Polytechnique de Grenoble. Pour les 2 ann\u00e9es&nbsp;<\/span><span style=\"color: var(--font-color); font-family: var(--primary-font);\">de mon Master en alternance, j&rsquo;ai d\u00e9croch\u00e9 ma place au si\u00e8ge de la r\u00e9gion Rh\u00f4ne-Alpes pour travailler au sein de l&rsquo;\u00e9quipe de la DSI. J&rsquo;ai pu tirer de cette mission une riche exp\u00e9rience professionnelle.<\/span><\/p>\n<p>J&rsquo;ai ensuite commenc\u00e9 ma carri\u00e8re professionnelle en tant qu&rsquo;ing\u00e9nieur dans le domaine de l&rsquo;int\u00e9gration et du support applicatif, depuis maintenant plus de 10 ans.&nbsp;<span style=\"color: var(--font-color); font-family: var(--primary-font);\">J&rsquo;ai pu travailler pour de grands comptes et participer \u00e0 de vastes projets, comme \u00e0 Renault-Trucks \u00e0 V\u00e9nissieux (69), Enedis \u00e0 Lyon Part Dieu, ou actuellement pour l&rsquo;Agirc-Arrco \u00e0 La Part Dieu.&nbsp;<\/span><\/p>\n<p>Je vous propose de d\u00e9couvrir plus en d\u00e9tails mes missions et projets r\u00e9alis\u00e9s en consultant <a href=\"http:\/\/esalviac.fr\/index.php\/experiences\">mon parcours professionnel.<\/a><\/p>\n<\/div>\n<p><!-- \/wp:paragraph --><\/p>\t\t\t\t\t<\/div>\n\t\t\t\t\t\t<\/div>\n\t\t\t\t<\/div>\n\t\t\t\t\t\t<\/div>\n\t\t\t\t\t<\/div>\n\t\t<\/div>\n\t\t\t\t\t\t\t\t<\/div>\n\t\t\t\t\t<\/div>\n\t\t<\/section>\n\t\t\t\t\t\t\t\t\t<\/div>\n\t\t\t<\/div>\n\t\t\t\t\t<\/div>\n\t\t","protected":false},"excerpt":{"rendered":"<p>Quelques mots sur moi&#8230; Passionn\u00e9 par les nouvelles technologies depuis mon enfance, je me suis tr\u00e8s vite int\u00e9ress\u00e9 \u00e0 l&rsquo;informatique puis \u00e0 l&rsquo;a\u00e9ronautique d\u00e8s l&rsquo;age de 13 ans.&nbsp; Alors que je partais voler \u00e0 la pente avec mon p\u00e8re d\u00e8s mon plus jeune age, j&rsquo;ai rapidement pris le virus de l&rsquo;a\u00e9romod\u00e9lisme et du vol de &hellip; <\/p>\n","protected":false},"author":1,"featured_media":0,"parent":0,"menu_order":0,"comment_status":"closed","ping_status":"closed","template":"","meta":{"_vp_format_video_url":"","_vp_image_focal_point":[],"footnotes":""},"class_list":["post-13","page","type-page","status-publish","hentry"],"_links":{"self":[{"href":"https:\/\/esalviac.fr\/index.php\/wp-json\/wp\/v2\/pages\/13","targetHints":{"allow":["GET"]}}],"collection":[{"href":"https:\/\/esalviac.fr\/index.php\/wp-json\/wp\/v2\/pages"}],"about":[{"href":"https:\/\/esalviac.fr\/index.php\/wp-json\/wp\/v2\/types\/page"}],"author":[{"embeddable":true,"href":"https:\/\/esalviac.fr\/index.php\/wp-json\/wp\/v2\/users\/1"}],"replies":[{"embeddable":true,"href":"https:\/\/esalviac.fr\/index.php\/wp-json\/wp\/v2\/comments?post=13"}],"version-history":[{"count":53,"href":"https:\/\/esalviac.fr\/index.php\/wp-json\/wp\/v2\/pages\/13\/revisions"}],"predecessor-version":[{"id":1215,"href":"https:\/\/esalviac.fr\/index.php\/wp-json\/wp\/v2\/pages\/13\/revisions\/1215"}],"wp:attachment":[{"href":"https:\/\/esalviac.fr\/index.php\/wp-json\/wp\/v2\/media?parent=13"}],"curies":[{"name":"wp","href":"https:\/\/api.w.org\/{rel}","templated":true}]}}